{"id":172,"date":"2024-10-18T17:20:47","date_gmt":"2024-10-18T17:20:47","guid":{"rendered":"https:\/\/dinnovacion.undc.edu.pe\/?page_id=172"},"modified":"2024-10-24T21:33:57","modified_gmt":"2024-10-24T21:33:57","slug":"funciones-2","status":"publish","type":"page","link":"https:\/\/dinnovacion.undc.edu.pe\/index.php\/funciones-2\/","title":{"rendered":"Funciones"},"content":{"rendered":"\n<div class=\"wp-block-group is-layout-constrained wp-container-core-group-is-layout-da8aefc1 wp-block-group-is-layout-constrained\" style=\"padding-top:var(--wp--preset--spacing--70);padding-bottom:var(--wp--preset--spacing--50)\">\n<div class=\"wp-block-columns is-layout-flex wp-container-core-columns-is-layout-f2b4f319 wp-block-columns-is-layout-flex\">\n<div class=\"wp-block-column fotawp-fade-up is-layout-flow wp-block-column-is-layout-flow\">\n<div class=\"wp-block-group has-background-background-color has-background is-layout-constrained wp-container-core-group-is-layout-254f1302 wp-block-group-is-layout-constrained\" style=\"border-radius:0px;padding-top:0;padding-right:0;padding-bottom:0;padding-left:0\">\n<div class=\"wp-block-group is-vertical is-layout-flex wp-container-core-group-is-layout-fe9cc265 wp-block-group-is-layout-flex\">\n<figure class=\"wp-block-image alignleft size-full is-resized wp-duotone-unset-1\"><img decoding=\"async\" src=\"https:\/\/dinnovacion.undc.edu.pe\/wp-content\/themes\/fotawp\/assets\/images\/new\/service_icon_1.png\" alt=\"\" class=\"wp-image-3707\" style=\"width:73px;height:auto\"\/><\/figure>\n<\/div>\n\n\n\n<head>\n    <link href=\"https:\/\/fonts.googleapis.com\/css2?family=Outfit:wght@400;500;600&#038;display=swap\" rel=\"stylesheet\">\n<\/head>\n<body>\n    <div style=\"text-align: justify; font-family: 'Outfit', sans-serif; font-size: 20px;\">\n        Orientar sobre los procesos de decisi\u00f3n y aprobaci\u00f3n para protecci\u00f3n a nivel nacional e internacional.\n    <\/div>\n<\/body>\n\n<\/div>\n<\/div>\n\n\n\n<div class=\"wp-block-column fotawp-fade-up is-layout-flow wp-block-column-is-layout-flow\" style=\"padding-top:0;padding-bottom:0\">\n<div class=\"wp-block-group has-background-background-color has-background is-layout-constrained wp-container-core-group-is-layout-254f1302 wp-block-group-is-layout-constrained\" style=\"border-radius:0px;padding-top:0;padding-right:0;padding-bottom:0;padding-left:0\">\n<div class=\"wp-block-group is-vertical is-layout-flex wp-container-core-group-is-layout-fe9cc265 wp-block-group-is-layout-flex\">\n<figure class=\"wp-block-image alignleft size-full is-resized wp-duotone-unset-2\"><img decoding=\"async\" src=\"https:\/\/dinnovacion.undc.edu.pe\/wp-content\/themes\/fotawp\/assets\/images\/new\/service_icon_2.png\" alt=\"\" class=\"wp-image-4126\" style=\"width:75px\"\/><\/figure>\n<\/div>\n\n\n\n<head>\n    <link href=\"https:\/\/fonts.googleapis.com\/css2?family=Outfit:wght@400;500;600&#038;display=swap\" rel=\"stylesheet\">\n<\/head>\n<body>\n    <div style=\"text-align: justify; font-family: 'Outfit', sans-serif; font-size: 20px;\">\n        Recomendar el registro de lemas, marcas y relacionados, que distingan y diferencien a la instituci\u00f3n de otras instituciones.\n    <\/div>\n<\/body>\n<\/div>\n<\/div>\n\n\n\n<div class=\"wp-block-column fotawp-fade-up is-layout-flow wp-block-column-is-layout-flow\">\n<div class=\"wp-block-group has-background-background-color has-background is-layout-constrained wp-container-core-group-is-layout-254f1302 wp-block-group-is-layout-constrained\" style=\"border-radius:0px;padding-top:0;padding-right:0;padding-bottom:0;padding-left:0\">\n<div class=\"wp-block-group is-vertical is-layout-flex wp-container-core-group-is-layout-fe9cc265 wp-block-group-is-layout-flex\">\n<figure class=\"wp-block-image alignleft size-full is-resized wp-duotone-unset-3\"><img decoding=\"async\" src=\"https:\/\/dinnovacion.undc.edu.pe\/wp-content\/themes\/fotawp\/assets\/images\/new\/service_icon_3.png\" alt=\"\" class=\"wp-image-4127\" style=\"width:75px\"\/><\/figure>\n<\/div>\n\n\n\n<head>\n    <link href=\"https:\/\/fonts.googleapis.com\/css2?family=Outfit:wght@400;500;600&#038;display=swap\" rel=\"stylesheet\">\n<\/head>\n<body>\n    <div style=\"text-align: justify; font-family: 'Outfit', sans-serif; font-size: 20px;\">\n        Fomentar en la Comunidad Universitaria la cultura de la protecci\u00f3n de propiedad intelectual.\n    <\/div>\n<\/body>\n<\/div>\n<\/div>\n<\/div>\n\n\n\n<div class=\"wp-block-columns is-layout-flex wp-container-core-columns-is-layout-d5e7fbb9 wp-block-columns-is-layout-flex\" style=\"margin-top:60px\">\n<div class=\"wp-block-column fotawp-fade-up is-layout-flow wp-block-column-is-layout-flow\">\n<div class=\"wp-block-group has-background-background-color has-background is-layout-constrained wp-container-core-group-is-layout-254f1302 wp-block-group-is-layout-constrained\" style=\"border-radius:0px;padding-top:0;padding-right:0;padding-bottom:0;padding-left:0\">\n<div class=\"wp-block-group is-vertical is-layout-flex wp-container-core-group-is-layout-fe9cc265 wp-block-group-is-layout-flex\">\n<figure class=\"wp-block-image alignleft size-full is-resized wp-duotone-unset-4\"><img decoding=\"async\" src=\"https:\/\/dinnovacion.undc.edu.pe\/wp-content\/themes\/fotawp\/assets\/images\/new\/service_icon_4.png\" alt=\"\" class=\"wp-image-4130\" style=\"width:75px\"\/><\/figure>\n<\/div>\n\n\n\n<head>\n    <link href=\"https:\/\/fonts.googleapis.com\/css2?family=Outfit:wght@400;500;600&#038;display=swap\" rel=\"stylesheet\">\n<\/head>\n<body>\n    <div style=\"text-align: justify; font-family: 'Outfit', sans-serif; font-size: 20px;\">\n        Definir los criterios para el reconocimiento de los derechos de autor y propiedad industrial de sus investigadores.\n    <\/div>\n<\/body>\n\n<\/div>\n<\/div>\n\n\n\n<div class=\"wp-block-column fotawp-fade-up is-layout-flow wp-block-column-is-layout-flow\">\n<div class=\"wp-block-group has-background-background-color has-background is-layout-constrained wp-container-core-group-is-layout-254f1302 wp-block-group-is-layout-constrained\" style=\"border-radius:0px;padding-top:0;padding-right:0;padding-bottom:0;padding-left:0\">\n<div class=\"wp-block-group is-vertical is-layout-flex wp-container-core-group-is-layout-fe9cc265 wp-block-group-is-layout-flex\">\n<figure class=\"wp-block-image alignleft size-full is-resized wp-duotone-unset-5\"><img decoding=\"async\" src=\"https:\/\/dinnovacion.undc.edu.pe\/wp-content\/themes\/fotawp\/assets\/images\/new\/service_icon_5.png\" alt=\"\" class=\"wp-image-4131\" style=\"width:75px\"\/><\/figure>\n<\/div>\n\n\n\n<head>\n    <link href=\"https:\/\/fonts.googleapis.com\/css2?family=Outfit:wght@400;500;600&#038;display=swap\" rel=\"stylesheet\">\n<\/head>\n<body>\n    <div style=\"text-align: justify; font-family: 'Outfit', sans-serif; font-size: 20px;\">\n        Brindar opini\u00f3n t\u00e9cnica y legal con respecto al inter\u00e9s de la Universidad sobre los proyectos creativos o de investigaci\u00f3n.\n    <\/div>\n<\/body>\n\n<\/div>\n<\/div>\n\n\n\n<div class=\"wp-block-column fotawp-fade-up is-layout-flow wp-block-column-is-layout-flow\">\n<div class=\"wp-block-group has-background-background-color has-background is-layout-constrained wp-container-core-group-is-layout-254f1302 wp-block-group-is-layout-constrained\" style=\"border-radius:0px;padding-top:0;padding-right:0;padding-bottom:0;padding-left:0\">\n<div class=\"wp-block-group is-vertical is-layout-flex wp-container-core-group-is-layout-fe9cc265 wp-block-group-is-layout-flex\">\n<figure class=\"wp-block-image alignleft size-full is-resized wp-duotone-unset-6\"><img decoding=\"async\" src=\"https:\/\/dinnovacion.undc.edu.pe\/wp-content\/themes\/fotawp\/assets\/images\/new\/service_icon_6.png\" alt=\"\" class=\"wp-image-4132\" style=\"width:75px\"\/><\/figure>\n<\/div>\n\n\n\n<head>\n    <link href=\"https:\/\/fonts.googleapis.com\/css2?family=Outfit:wght@400;500;600&#038;display=swap\" rel=\"stylesheet\">\n<\/head>\n<body>\n    <div style=\"text-align: justify; font-family: 'Outfit', sans-serif; font-size: 20px;\">\n        Contribuir en la elaboraci\u00f3n de paquetes tecnol\u00f3gicos desarrollados por los investigadores y su transferencia a las unidades correspondientes.\n    <\/div>\n<\/body>\n\n<\/div>\n<\/div>\n<\/div>\n<\/div>\n\n\n\n<div class=\"wp-block-group is-layout-constrained wp-container-core-group-is-layout-da8aefc1 wp-block-group-is-layout-constrained\" style=\"padding-top:var(--wp--preset--spacing--70);padding-bottom:var(--wp--preset--spacing--50)\">\n<div class=\"wp-block-columns is-layout-flex wp-container-core-columns-is-layout-f2b4f319 wp-block-columns-is-layout-flex\">\n<div class=\"wp-block-column fotawp-fade-up is-layout-flow wp-block-column-is-layout-flow\">\n<div class=\"wp-block-group has-background-background-color has-background is-layout-constrained wp-container-core-group-is-layout-254f1302 wp-block-group-is-layout-constrained\" style=\"border-radius:0px;padding-top:0;padding-right:0;padding-bottom:0;padding-left:0\">\n<div class=\"wp-block-group is-vertical is-layout-flex wp-container-core-group-is-layout-fe9cc265 wp-block-group-is-layout-flex\">\n<figure class=\"wp-block-image alignleft size-full is-resized wp-duotone-unset-7\"><img decoding=\"async\" src=\"https:\/\/dinnovacion.undc.edu.pe\/wp-content\/themes\/fotawp\/assets\/images\/new\/service_icon_1.png\" alt=\"\" class=\"wp-image-3707\" style=\"width:73px;height:auto\"\/><\/figure>\n\n\n\n<head>\n    <link href=\"https:\/\/fonts.googleapis.com\/css2?family=Outfit:wght@400;500;600&#038;display=swap\" rel=\"stylesheet\">\n<\/head>\n<body>\n    <div style=\"text-align: justify; font-family: 'Outfit', sans-serif; font-size: 20px;\">\n        Proponer el reconocimiento de los inventores UNDC.\n    <\/div>\n<\/body>\n\n\n\n<p class=\"has-foreground-color has-text-color\" style=\"font-size:18px;line-height:1.5\"><br><\/p>\n<\/div>\n<\/div>\n<\/div>\n\n\n\n<div class=\"wp-block-column fotawp-fade-up is-layout-flow wp-block-column-is-layout-flow\" style=\"padding-top:0;padding-bottom:0\">\n<div class=\"wp-block-group has-background-background-color has-background is-layout-constrained wp-container-core-group-is-layout-254f1302 wp-block-group-is-layout-constrained\" style=\"border-radius:0px;padding-top:0;padding-right:0;padding-bottom:0;padding-left:0\">\n<div class=\"wp-block-group is-vertical is-layout-flex wp-container-core-group-is-layout-fe9cc265 wp-block-group-is-layout-flex\">\n<figure class=\"wp-block-image alignleft size-full is-resized wp-duotone-unset-8\"><img decoding=\"async\" src=\"https:\/\/dinnovacion.undc.edu.pe\/wp-content\/themes\/fotawp\/assets\/images\/new\/service_icon_2.png\" alt=\"\" class=\"wp-image-4126\" style=\"width:75px\"\/><\/figure>\n<\/div>\n\n\n\n<head>\n    <link href=\"https:\/\/fonts.googleapis.com\/css2?family=Outfit:wght@400;500;600&#038;display=swap\" rel=\"stylesheet\">\n<\/head>\n<body>\n    <div style=\"text-align: justify; font-family: 'Outfit', sans-serif; font-size: 20px;\">\n        Incentivar el desarrollo de actividades acad\u00e9micas, de difusi\u00f3n y promoci\u00f3n.\n    <\/div>\n<\/body>\n<\/div>\n<\/div>\n\n\n\n<div class=\"wp-block-column fotawp-fade-up is-layout-flow wp-block-column-is-layout-flow\">\n<div class=\"wp-block-group has-background-background-color has-background is-layout-constrained wp-container-core-group-is-layout-254f1302 wp-block-group-is-layout-constrained\" style=\"border-radius:0px;padding-top:0;padding-right:0;padding-bottom:0;padding-left:0\">\n<div class=\"wp-block-group is-vertical is-layout-flex wp-container-core-group-is-layout-fe9cc265 wp-block-group-is-layout-flex\">\n<figure class=\"wp-block-image alignleft size-full is-resized wp-duotone-unset-9\"><img decoding=\"async\" src=\"https:\/\/dinnovacion.undc.edu.pe\/wp-content\/themes\/fotawp\/assets\/images\/new\/service_icon_3.png\" alt=\"\" class=\"wp-image-4127\" style=\"width:75px\"\/><\/figure>\n<\/div>\n<\/div>\n\n\n\n<head>\n    <link href=\"https:\/\/fonts.googleapis.com\/css2?family=Outfit:wght@400;500;600&#038;display=swap\" rel=\"stylesheet\">\n<\/head>\n<body>\n    <div style=\"text-align: justify; font-family: 'Outfit', sans-serif; font-size: 20px;\">\n       Dar soluci\u00f3n a las controversias presentadas.\n    <\/div>\n<\/body>\n<\/div>\n<\/div>\n\n\n\n<div class=\"wp-block-columns is-layout-flex wp-container-core-columns-is-layout-d5e7fbb9 wp-block-columns-is-layout-flex\" style=\"margin-top:60px\">\n<div class=\"wp-block-column fotawp-fade-up is-layout-flow wp-block-column-is-layout-flow\"><\/div>\n\n\n\n<div class=\"wp-block-column fotawp-fade-up is-layout-flow wp-block-column-is-layout-flow\">\n<div class=\"wp-block-group has-background-background-color has-background is-layout-constrained wp-container-core-group-is-layout-254f1302 wp-block-group-is-layout-constrained\" style=\"border-radius:0px;padding-top:0;padding-right:0;padding-bottom:0;padding-left:0\">\n<div class=\"wp-block-group is-vertical is-layout-flex wp-container-core-group-is-layout-fe9cc265 wp-block-group-is-layout-flex\">\n<figure class=\"wp-block-image alignleft size-full is-resized wp-duotone-unset-10\"><img decoding=\"async\" src=\"https:\/\/dinnovacion.undc.edu.pe\/wp-content\/themes\/fotawp\/assets\/images\/new\/service_icon_5.png\" alt=\"\" class=\"wp-image-4131\" style=\"width:75px\"\/><\/figure>\n<\/div>\n\n\n\n<head>\n    <link href=\"https:\/\/fonts.googleapis.com\/css2?family=Outfit:wght@400;500;600&#038;display=swap\" rel=\"stylesheet\">\n<\/head>\n<body>\n    <div style=\"text-align: justify; font-family: 'Outfit', sans-serif; font-size: 20px;\">\n      Analizar los casos de pr\u00e1cticas indebidas, en que no se respete los derechos de propiedad intelectual, calificar la falta, emitir informe y remitirlo a la autoridad correspondiente, para que contin\u00fae el tr\u00e1mite.\n    <\/div>\n<\/body>\n<\/div>\n<\/div>\n\n\n\n<div class=\"wp-block-column fotawp-fade-up is-layout-flow wp-block-column-is-layout-flow\">\n<div class=\"wp-block-group has-background-background-color has-background is-layout-constrained wp-container-core-group-is-layout-254f1302 wp-block-group-is-layout-constrained\" style=\"border-radius:0px;padding-top:0;padding-right:0;padding-bottom:0;padding-left:0\"><\/div>\n<\/div>\n<\/div>\n<\/div>\n","protected":false},"excerpt":{"rendered":"<p>Orientar sobre los procesos de decisi\u00f3n y aprobaci\u00f3n para protecci\u00f3n a nivel nacional e internacional. Recomendar el registro de lemas, marcas y relacionados, que distingan y diferencien a la instituci\u00f3n de otras instituciones. Fomentar en la Comunidad Universitaria la cultura de la protecci\u00f3n de propiedad intelectual. Definir los criterios para el reconocimiento de los derechos&#8230;<\/p>\n","protected":false},"author":1,"featured_media":0,"parent":0,"menu_order":0,"comment_status":"closed","ping_status":"closed","template":"","meta":{"footnotes":""},"class_list":["post-172","page","type-page","status-publish","hentry"],"_links":{"self":[{"href":"https:\/\/dinnovacion.undc.edu.pe\/index.php\/wp-json\/wp\/v2\/pages\/172","targetHints":{"allow":["GET"]}}],"collection":[{"href":"https:\/\/dinnovacion.undc.edu.pe\/index.php\/wp-json\/wp\/v2\/pages"}],"about":[{"href":"https:\/\/dinnovacion.undc.edu.pe\/index.php\/wp-json\/wp\/v2\/types\/page"}],"author":[{"embeddable":true,"href":"https:\/\/dinnovacion.undc.edu.pe\/index.php\/wp-json\/wp\/v2\/users\/1"}],"replies":[{"embeddable":true,"href":"https:\/\/dinnovacion.undc.edu.pe\/index.php\/wp-json\/wp\/v2\/comments?post=172"}],"version-history":[{"count":4,"href":"https:\/\/dinnovacion.undc.edu.pe\/index.php\/wp-json\/wp\/v2\/pages\/172\/revisions"}],"predecessor-version":[{"id":310,"href":"https:\/\/dinnovacion.undc.edu.pe\/index.php\/wp-json\/wp\/v2\/pages\/172\/revisions\/310"}],"wp:attachment":[{"href":"https:\/\/dinnovacion.undc.edu.pe\/index.php\/wp-json\/wp\/v2\/media?parent=172"}],"curies":[{"name":"wp","href":"https:\/\/api.w.org\/{rel}","templated":true}]}}