{"id":280,"date":"2024-10-24T14:36:36","date_gmt":"2024-10-24T14:36:36","guid":{"rendered":"https:\/\/dinnovacion.undc.edu.pe\/?page_id=280"},"modified":"2024-10-25T14:35:25","modified_gmt":"2024-10-25T14:35:25","slug":"contacto","status":"publish","type":"page","link":"https:\/\/dinnovacion.undc.edu.pe\/index.php\/contacto\/","title":{"rendered":"Contacto"},"content":{"rendered":"\n<p class=\"has-x-small-font-size\" style=\"padding-top:0;padding-right:0;padding-bottom:0;padding-left:0\"><\/p>\n\n\n\n<div class=\"wp-block-columns is-layout-flex wp-container-core-columns-is-layout-8502da66 wp-block-columns-is-layout-flex\" style=\"padding-top:var(--wp--preset--spacing--30);padding-bottom:var(--wp--preset--spacing--30)\">\n<div class=\"wp-block-column is-vertically-aligned-center fotawp-fade-up is-layout-flow wp-container-core-column-is-layout-8a368f38 wp-block-column-is-layout-flow\" style=\"flex-basis:100%\">\n<h5 class=\"wp-block-heading has-secondary-color has-text-color has-link-color has-small-font-size wp-elements-cbb04ac7b8adb3e3f25a48c3b2156f01\" style=\"font-style:normal;font-weight:500;letter-spacing:4px;text-transform:uppercase\"><strong>Contacto<\/strong><\/h5>\n\n\n\n<div class=\"wp-block-media-text is-stacked-on-mobile animated fadeInLeft delay-1s\" style=\"margin-right:var(--wp--preset--spacing--xx-large);margin-left:var(--wp--preset--spacing--xx-large);padding-top:0;padding-right:var(--wp--preset--spacing--xx-large);padding-bottom:0;padding-left:var(--wp--preset--spacing--xx-large);grid-template-columns:18% auto\"><figure class=\"wp-block-media-text__media\"><img decoding=\"async\" src=\"https:\/\/dproduccion.undc.edu.pe\/wp-content\/uploads\/2024\/10\/telefono.png\" alt=\"\" class=\"wp-image-404 size-full\"\/><\/figure><div class=\"wp-block-media-text__content\">\n<p class=\"has-adlam-display-font-family has-large-font-size\"><strong>CELULAR<\/strong><\/p>\n\n\n\n<ul style=\"padding-right:0;padding-left:0\" class=\"wp-block-list\">\n<li style=\"margin-right:0;margin-left:0;padding-right:0;padding-left:0\" class=\"has-adlam-display-font-family\"><strong><em>Analista:<\/em><\/strong> <strong>Eco. <\/strong>Carlos Horacio Huanca Zapata &#8211; <strong>+51 910 054 945<\/strong><\/li>\n<\/ul>\n\n\n\n<ul style=\"padding-right:0;padding-left:0\" class=\"wp-block-list\">\n<li style=\"padding-top:0;padding-bottom:0\" class=\"has-adlam-display-font-family\"><strong><em>Soporte Inform\u00e1tico: <\/em><\/strong>Bach. Diana Tello Huapaya <strong>+51 949 963 585<\/strong><\/li>\n<\/ul>\n\n\n\n<p>&#8211; <\/p>\n<\/div><\/div>\n\n\n\n<div class=\"wp-block-media-text is-stacked-on-mobile animated fadeInLeft delay-1s\" style=\"margin-right:var(--wp--preset--spacing--xx-large);margin-left:var(--wp--preset--spacing--xx-large);padding-right:var(--wp--preset--spacing--xx-large);padding-left:var(--wp--preset--spacing--xx-large);grid-template-columns:18% auto\"><figure class=\"wp-block-media-text__media\"><img decoding=\"async\" src=\"https:\/\/dproduccion.undc.edu.pe\/wp-content\/uploads\/2024\/10\/sobre.png\" alt=\"\" class=\"wp-image-406 size-full\"\/><\/figure><div class=\"wp-block-media-text__content\">\n<p class=\"has-adlam-display-font-family has-small-font-size\"><strong>CORREO<\/strong><\/p>\n\n\n\n<p class=\"has-adlam-display-font-family has-small-font-size\"><strong>Director:  <\/strong>direccion.innovacion.tt@undc.edu.pe<\/p>\n\n\n\n<p class=\"has-adlam-display-font-family has-small-font-size\"><strong>Analista:<\/strong>  asis.ditt@undc.edu.pe<\/p>\n<\/div><\/div>\n\n\n\n<div class=\"wp-block-media-text is-stacked-on-mobile animated fadeInLeft delay-1s\" style=\"margin-right:var(--wp--preset--spacing--xx-large);margin-left:var(--wp--preset--spacing--xx-large);padding-top:0;padding-right:var(--wp--preset--spacing--xx-large);padding-bottom:0;padding-left:var(--wp--preset--spacing--xx-large);grid-template-columns:18% auto\"><figure class=\"wp-block-media-text__media\"><img decoding=\"async\" src=\"https:\/\/dproduccion.undc.edu.pe\/wp-content\/uploads\/2024\/10\/ubicacion-2.png\" alt=\"\" class=\"wp-image-405 size-full\"\/><\/figure><div class=\"wp-block-media-text__content\">\n<p class=\"has-adlam-display-font-family has-large-font-size\" style=\"padding-top:0;padding-bottom:0\"><strong>UBICACI\u00d3N <\/strong><\/p>\n\n\n\n<p class=\"has-adlam-display-font-family\"><strong><em>Local Administrativo Central:<\/em><\/strong> Jr. San Agust\u00edn 124 San Vicente de Ca\u00f1ete &#8211; Horario 8:00 a.m. a 1:00 p.m. y de 2:00 a 5:00 p.m. <\/p>\n<\/div><\/div>\n<\/div>\n<\/div>\n\n\n<div style=\"display: flex; justify-content: center; margin: 20px;\">\n    <iframe src=\"https:\/\/www.google.com\/maps\/embed?pb=!1m18!1m12!1m3!1d2748.0640846696047!2d-76.38785534248771!3d-13.07702248084564!2m3!1f0!2f0!3f0!3m2!1i1024!2i768!4f13.1!3m3!1m2!1s0x910ff9483b2c096b%3A0x8ddefd0fb3df80ed!2sUniversidad%20Nacional%20de%20Ca%C3%B1ete-%20Sede%20Administrativa!5e0!3m2!1ses!2spe!4v1729801260314!5m2!1ses!2spe\" \n    width=\"600\" \n    height=\"450\" \n    style=\"border:0; border-radius: 15px; box-shadow: 0 4px 8px rgba(0, 0, 0, 0.2);\" \n    allowfullscreen=\"\" \n    loading=\"lazy\" \n    referrerpolicy=\"no-referrer-when-downgrade\">\n    <\/iframe>\n<\/div>\n\n\n<p class=\"has-x-small-font-size\" style=\"padding-top:0;padding-right:0;padding-bottom:0;padding-left:0\"><\/p>\n","protected":false},"excerpt":{"rendered":"<p>Contacto CELULAR &#8211; CORREO Director: direccion.innovacion.tt@undc.edu.pe Analista: asis.ditt@undc.edu.pe UBICACI\u00d3N Local Administrativo Central: Jr. San Agust\u00edn 124 San Vicente de Ca\u00f1ete &#8211; Horario 8:00 a.m. a 1:00 p.m. y de 2:00 a 5:00 p.m.<\/p>\n","protected":false},"author":1,"featured_media":0,"parent":0,"menu_order":0,"comment_status":"closed","ping_status":"closed","template":"","meta":{"footnotes":""},"class_list":["post-280","page","type-page","status-publish","hentry"],"_links":{"self":[{"href":"https:\/\/dinnovacion.undc.edu.pe\/index.php\/wp-json\/wp\/v2\/pages\/280","targetHints":{"allow":["GET"]}}],"collection":[{"href":"https:\/\/dinnovacion.undc.edu.pe\/index.php\/wp-json\/wp\/v2\/pages"}],"about":[{"href":"https:\/\/dinnovacion.undc.edu.pe\/index.php\/wp-json\/wp\/v2\/types\/page"}],"author":[{"embeddable":true,"href":"https:\/\/dinnovacion.undc.edu.pe\/index.php\/wp-json\/wp\/v2\/users\/1"}],"replies":[{"embeddable":true,"href":"https:\/\/dinnovacion.undc.edu.pe\/index.php\/wp-json\/wp\/v2\/comments?post=280"}],"version-history":[{"count":6,"href":"https:\/\/dinnovacion.undc.edu.pe\/index.php\/wp-json\/wp\/v2\/pages\/280\/revisions"}],"predecessor-version":[{"id":336,"href":"https:\/\/dinnovacion.undc.edu.pe\/index.php\/wp-json\/wp\/v2\/pages\/280\/revisions\/336"}],"wp:attachment":[{"href":"https:\/\/dinnovacion.undc.edu.pe\/index.php\/wp-json\/wp\/v2\/media?parent=280"}],"curies":[{"name":"wp","href":"https:\/\/api.w.org\/{rel}","templated":true}]}}