{"id":304,"date":"2024-10-24T21:08:19","date_gmt":"2024-10-24T21:08:19","guid":{"rendered":"https:\/\/dinnovacion.undc.edu.pe\/?page_id=304"},"modified":"2024-10-24T21:39:38","modified_gmt":"2024-10-24T21:39:38","slug":"nosotros","status":"publish","type":"page","link":"https:\/\/dinnovacion.undc.edu.pe\/index.php\/nosotros\/","title":{"rendered":"Nosotros"},"content":{"rendered":"\n<div class=\"wp-block-group is-layout-constrained wp-container-core-group-is-layout-9f48a9f6 wp-block-group-is-layout-constrained\" style=\"margin-top:0;margin-bottom:0;padding-top:0;padding-right:0;padding-bottom:0;padding-left:0\">\n<div class=\"wp-block-columns is-layout-flex wp-container-core-columns-is-layout-96445cb9 wp-block-columns-is-layout-flex\" style=\"margin-top:var(--wp--preset--spacing--40);margin-bottom:var(--wp--preset--spacing--40);padding-right:var(--wp--preset--spacing--50);padding-left:var(--wp--preset--spacing--50)\">\n<div class=\"wp-block-column is-vertically-aligned-center fotawp-fade-up is-layout-flow wp-block-column-is-layout-flow\" style=\"padding-top:0;flex-basis:45%\">\n<h6 class=\"wp-block-heading has-primary-color has-text-color has-x-small-font-size\" style=\"margin-top:0;margin-bottom:0;font-style:normal;font-weight:600;letter-spacing:4px\">DIRECTOR<\/h6>\n\n\n\n<h2 class=\"wp-block-heading has-heading-color-color has-text-color\" style=\"margin-top:var(--wp--preset--spacing--20);font-size:48px;font-style:normal;font-weight:700;line-height:1.2\">Mg. Alex Abelardo Pacheco Pumaleque<\/h2>\n\n\n\n<p class=\"has-foreground-color has-text-color\" style=\"font-size:16px;line-height:1.5\">Director de la Direcci\u00f3n de Innovaci\u00f3n y Transferencia Tecnol\u00f3gica, con amplia experiencia en la promoci\u00f3n de proyectos innovadores y la gesti\u00f3n de patentes. Su enfoque est\u00e1 en fortalecer los v\u00ednculos entre la universidad, la industria y el sector empresarial, impulsando el desarrollo tecnol\u00f3gico y la transferencia de conocimiento.<\/p>\n\n\n\n<div class=\"wp-block-buttons is-layout-flex wp-block-buttons-is-layout-flex\" style=\"margin-top:36px\">\n<div class=\"wp-block-button has-custom-font-size is-style-button-hover-style-set-five has-medium-font-size\"><a class=\"wp-block-button__link has-foregound-alt-color has-text-color has-background wp-element-button\" href=\"https:\/\/dinnovacion.undc.edu.pe\/index.php\/contacto\/\" style=\"border-radius:80px;background-color:#219ebc;padding-top:0.4em;padding-right:2.1rem;padding-bottom:0.4em;padding-left:2.1rem\">Contacto<\/a><\/div>\n<\/div>\n<\/div>\n\n\n\n<div class=\"wp-block-column is-vertically-aligned-center is-layout-flow wp-block-column-is-layout-flow\">\n<figure class=\"wp-block-image aligncenter size-full is-resized fotawp-zoom-in-up wp-duotone-unset-1\"><img loading=\"lazy\" decoding=\"async\" width=\"1772\" height=\"2041\" src=\"https:\/\/dinnovacion.undc.edu.pe\/wp-content\/uploads\/2024\/10\/PACHECO.png\" alt=\"\" class=\"wp-image-273\" style=\"width:503px;height:auto\" srcset=\"https:\/\/dinnovacion.undc.edu.pe\/wp-content\/uploads\/2024\/10\/PACHECO.png 1772w, https:\/\/dinnovacion.undc.edu.pe\/wp-content\/uploads\/2024\/10\/PACHECO-260x300.png 260w, https:\/\/dinnovacion.undc.edu.pe\/wp-content\/uploads\/2024\/10\/PACHECO-889x1024.png 889w, https:\/\/dinnovacion.undc.edu.pe\/wp-content\/uploads\/2024\/10\/PACHECO-768x885.png 768w, https:\/\/dinnovacion.undc.edu.pe\/wp-content\/uploads\/2024\/10\/PACHECO-1334x1536.png 1334w\" sizes=\"auto, (max-width: 1772px) 100vw, 1772px\" \/><\/figure>\n<\/div>\n<\/div>\n<\/div>\n\n\n\n<p><\/p>\n\n\n\n<div class=\"wp-block-columns is-layout-flex wp-container-core-columns-is-layout-96445cb9 wp-block-columns-is-layout-flex\" style=\"margin-top:var(--wp--preset--spacing--40);margin-bottom:var(--wp--preset--spacing--40);padding-right:var(--wp--preset--spacing--50);padding-left:var(--wp--preset--spacing--50)\">\n<div class=\"wp-block-column is-vertically-aligned-center fotawp-fade-up is-layout-flow wp-block-column-is-layout-flow\" style=\"padding-top:0;flex-basis:45%\">\n<h6 class=\"wp-block-heading has-primary-color has-text-color has-x-small-font-size\" style=\"margin-top:0;margin-bottom:0;font-style:normal;font-weight:600;letter-spacing:4px\">ANALISTA<\/h6>\n\n\n\n<h2 class=\"wp-block-heading has-heading-color-color has-text-color\" style=\"margin-top:var(--wp--preset--spacing--20);font-size:48px;font-style:normal;font-weight:700;line-height:1.2\">Econ. Carlos Horacio Huanca Zapata<\/h2>\n\n\n\n<p class=\"has-foreground-color has-text-color\" style=\"font-size:16px;line-height:1.5\">El Analista de la DIT apoya en la gesti\u00f3n y seguimiento de proyectos de innovaci\u00f3n y transferencia tecnol\u00f3gica, evaluando su viabilidad t\u00e9cnica y econ\u00f3mica. Coordina con investigadores y empresas para facilitar el desarrollo de soluciones innovadoras, y colabora en la gesti\u00f3n de propiedad intelectual y elaboraci\u00f3n de informes de avance.<br><\/p>\n<\/div>\n\n\n\n<div class=\"wp-block-column is-vertically-aligned-center is-layout-flow wp-block-column-is-layout-flow\"><\/div>\n<\/div>\n","protected":false},"excerpt":{"rendered":"<p>DIRECTOR Mg. Alex Abelardo Pacheco Pumaleque Director de la Direcci\u00f3n de Innovaci\u00f3n y Transferencia Tecnol\u00f3gica, con amplia experiencia en la promoci\u00f3n de proyectos innovadores y la gesti\u00f3n de patentes. Su enfoque est\u00e1 en fortalecer los v\u00ednculos entre la universidad, la industria y el sector empresarial, impulsando el desarrollo tecnol\u00f3gico y la transferencia de conocimiento. ANALISTA&#8230;<\/p>\n","protected":false},"author":1,"featured_media":0,"parent":0,"menu_order":0,"comment_status":"closed","ping_status":"closed","template":"","meta":{"footnotes":""},"class_list":["post-304","page","type-page","status-publish","hentry"],"_links":{"self":[{"href":"https:\/\/dinnovacion.undc.edu.pe\/index.php\/wp-json\/wp\/v2\/pages\/304","targetHints":{"allow":["GET"]}}],"collection":[{"href":"https:\/\/dinnovacion.undc.edu.pe\/index.php\/wp-json\/wp\/v2\/pages"}],"about":[{"href":"https:\/\/dinnovacion.undc.edu.pe\/index.php\/wp-json\/wp\/v2\/types\/page"}],"author":[{"embeddable":true,"href":"https:\/\/dinnovacion.undc.edu.pe\/index.php\/wp-json\/wp\/v2\/users\/1"}],"replies":[{"embeddable":true,"href":"https:\/\/dinnovacion.undc.edu.pe\/index.php\/wp-json\/wp\/v2\/comments?post=304"}],"version-history":[{"count":3,"href":"https:\/\/dinnovacion.undc.edu.pe\/index.php\/wp-json\/wp\/v2\/pages\/304\/revisions"}],"predecessor-version":[{"id":314,"href":"https:\/\/dinnovacion.undc.edu.pe\/index.php\/wp-json\/wp\/v2\/pages\/304\/revisions\/314"}],"wp:attachment":[{"href":"https:\/\/dinnovacion.undc.edu.pe\/index.php\/wp-json\/wp\/v2\/media?parent=304"}],"curies":[{"name":"wp","href":"https:\/\/api.w.org\/{rel}","templated":true}]}}